{"id":3401,"date":"2022-12-28T15:40:05","date_gmt":"2022-12-28T15:40:05","guid":{"rendered":"https:\/\/esjaleostudio.com\/?page_id=3401"},"modified":"2023-05-29T12:17:30","modified_gmt":"2023-05-29T12:17:30","slug":"home","status":"publish","type":"page","link":"https:\/\/esjaleostudio.com\/?page_id=3401","title":{"rendered":"Serveis"},"content":{"rendered":"\t\t<div data-elementor-type=\"wp-page\" data-elementor-id=\"3401\" class=\"elementor elementor-3401\">\n\t\t\t\t\t\t\t\t\t<section class=\"elementor-section elementor-top-section elementor-element elementor-element-611e815 elementor-section-boxed elementor-section-height-default elementor-section-height-default\" data-id=\"611e815\" data-element_type=\"section\">\n\t\t\t\t\t\t<div class=\"elementor-container elementor-column-gap-default\">\n\t\t\t\t\t<div class=\"elementor-column elementor-col-100 elementor-top-column elementor-element elementor-element-b3a521f\" data-id=\"b3a521f\" data-element_type=\"column\">\n\t\t\t<div class=\"elementor-widget-wrap elementor-element-populated\">\n\t\t\t\t\t\t\t\t<div class=\"elementor-element elementor-element-e4493c2 elementor-widget elementor-widget-eael-adv-accordion\" data-id=\"e4493c2\" data-element_type=\"widget\" data-widget_type=\"eael-adv-accordion.default\">\n\t\t\t\t<div class=\"elementor-widget-container\">\n\t\t\t        <div class=\"eael-adv-accordion\" id=\"eael-adv-accordion-e4493c2\" data-accordion-id=\"e4493c2\" data-accordion-type=\"toggle\" data-toogle-speed=\"300\">\n    <div class=\"eael-accordion-list\">\n                <div id=\"producci-\" class=\"elementor-tab-title eael-accordion-header\" tabindex=\"2391\" data-tab=\"1\" role=\"tab\" aria-controls=\"elementor-tab-content-2391\"><span class=\"eael-advanced-accordion-icon-closed\"><i aria-hidden=\"true\" class=\"fa-accordion-icon fas fa-plus\"><\/i><\/span><span class=\"eael-advanced-accordion-icon-opened\"><i aria-hidden=\"true\" class=\"fa-accordion-icon fas fa-minus\"><\/i><\/span><h5 class=\"eael-accordion-tab-title\">Producci\u00f3 <\/h5><i aria-hidden=\"true\" class=\"fa-toggle fas fa-angle-right\"><\/i><\/div><div id=\"elementor-tab-content-2391\" class=\"eael-accordion-content clearfix\" data-tab=\"1\" role=\"tabpanel\" aria-labelledby=\"producci-\"><p>Lorem fistrum me cago en tus muelas se calle ust\u00e9e de la pradera me cago en tus muelas apetecan al ataquerl al ataquerl. Est\u00e1 la cosa muy malar a wan fistro apetecan sexuarl. No puedor apetecan por la gloria de mi madre te voy a borrar el cerito no te digo trigo por no llamarte Rodrigor va ust\u00e9 muy cargadoo a wan ahorarr.<\/p><\/div>\n                <\/div><div class=\"eael-accordion-list\">\n                <div id=\"mixing\" class=\"elementor-tab-title eael-accordion-header\" tabindex=\"2392\" data-tab=\"2\" role=\"tab\" aria-controls=\"elementor-tab-content-2392\"><span class=\"eael-advanced-accordion-icon-closed\"><i aria-hidden=\"true\" class=\"fa-accordion-icon fas fa-plus\"><\/i><\/span><span class=\"eael-advanced-accordion-icon-opened\"><i aria-hidden=\"true\" class=\"fa-accordion-icon fas fa-minus\"><\/i><\/span><h5 class=\"eael-accordion-tab-title\">Mixing<\/h5><i aria-hidden=\"true\" class=\"fa-toggle fas fa-angle-right\"><\/i><\/div><div id=\"elementor-tab-content-2392\" class=\"eael-accordion-content clearfix\" data-tab=\"2\" role=\"tabpanel\" aria-labelledby=\"mixing\"><p>Lorem fistrum me cago en tus muelas se calle ust\u00e9e de la pradera me cago en tus muelas apetecan al ataquerl al ataquerl. Est\u00e1 la cosa muy malar a wan fistro apetecan sexuarl. No puedor apetecan por la gloria de mi madre te voy a borrar el cerito no te digo trigo por no llamarte Rodrigor va ust\u00e9 muy cargadoo a wan ahorarr.<\/p><\/div>\n                <\/div><div class=\"eael-accordion-list\">\n                <div id=\"mastering-\" class=\"elementor-tab-title eael-accordion-header\" tabindex=\"2393\" data-tab=\"3\" role=\"tab\" aria-controls=\"elementor-tab-content-2393\"><span class=\"eael-advanced-accordion-icon-closed\"><i aria-hidden=\"true\" class=\"fa-accordion-icon fas fa-plus\"><\/i><\/span><span class=\"eael-advanced-accordion-icon-opened\"><i aria-hidden=\"true\" class=\"fa-accordion-icon fas fa-minus\"><\/i><\/span><h5 class=\"eael-accordion-tab-title\">Mastering <\/h5><i aria-hidden=\"true\" class=\"fa-toggle fas fa-angle-right\"><\/i><\/div><div id=\"elementor-tab-content-2393\" class=\"eael-accordion-content clearfix\" data-tab=\"3\" role=\"tabpanel\" aria-labelledby=\"mastering-\"><p>Lorem fistrum me cago en tus muelas se calle ust\u00e9e de la pradera me cago en tus muelas apetecan al ataquerl al ataquerl. Est\u00e1 la cosa muy malar a wan fistro apetecan sexuarl. No puedor apetecan por la gloria de mi madre te voy a borrar el cerito no te digo trigo por no llamarte Rodrigor va ust\u00e9 muy cargadoo a wan ahorarr.<\/p><\/div>\n                <\/div><div class=\"eael-accordion-list\">\n                <div id=\"reamp-\" class=\"elementor-tab-title eael-accordion-header\" tabindex=\"2394\" data-tab=\"4\" role=\"tab\" aria-controls=\"elementor-tab-content-2394\"><span class=\"eael-advanced-accordion-icon-closed\"><i aria-hidden=\"true\" class=\"fa-accordion-icon fas fa-plus\"><\/i><\/span><span class=\"eael-advanced-accordion-icon-opened\"><i aria-hidden=\"true\" class=\"fa-accordion-icon fas fa-music\"><\/i><\/span><h5 class=\"eael-accordion-tab-title\">Reamp <\/h5><i aria-hidden=\"true\" class=\"fa-toggle fas fa-angle-right\"><\/i><\/div><div id=\"elementor-tab-content-2394\" class=\"eael-accordion-content clearfix\" data-tab=\"4\" role=\"tabpanel\" aria-labelledby=\"reamp-\"><p>Lorem fistrum me cago en tus muelas se calle ust\u00e9e de la pradera me cago en tus muelas apetecan al ataquerl al ataquerl. Est\u00e1 la cosa muy malar a wan fistro apetecan sexuarl. No puedor apetecan por la gloria de mi madre te voy a borrar el cerito no te digo trigo por no llamarte Rodrigor va ust\u00e9 muy cargadoo a wan ahorarr.<\/p><\/div>\n                <\/div><div class=\"eael-accordion-list\">\n                <div id=\"postproducci\" class=\"elementor-tab-title eael-accordion-header\" tabindex=\"2395\" data-tab=\"5\" role=\"tab\" aria-controls=\"elementor-tab-content-2395\"><span class=\"eael-advanced-accordion-icon-closed\"><i aria-hidden=\"true\" class=\"fa-accordion-icon fas fa-plus\"><\/i><\/span><span class=\"eael-advanced-accordion-icon-opened\"><i aria-hidden=\"true\" class=\"fa-accordion-icon fas fa-guitar\"><\/i><\/span><h5 class=\"eael-accordion-tab-title\">Postproducci\u00f3<\/h5><i aria-hidden=\"true\" class=\"fa-toggle fas fa-angle-right\"><\/i><\/div><div id=\"elementor-tab-content-2395\" class=\"eael-accordion-content clearfix\" data-tab=\"5\" role=\"tabpanel\" aria-labelledby=\"postproducci\"><p>Lorem fistrum me cago en tus muelas se calle ust\u00e9e de la pradera me cago en tus muelas apetecan al ataquerl al ataquerl. Est\u00e1 la cosa muy malar a wan fistro apetecan sexuarl. No puedor apetecan por la gloria de mi madre te voy a borrar el cerito no te digo trigo por no llamarte Rodrigor va ust\u00e9 muy cargadoo a wan ahorarr.<\/p><\/div>\n                <\/div><div class=\"eael-accordion-list\">\n                <div id=\"locucions-\" class=\"elementor-tab-title eael-accordion-header\" tabindex=\"2396\" data-tab=\"6\" role=\"tab\" aria-controls=\"elementor-tab-content-2396\"><span class=\"eael-advanced-accordion-icon-closed\"><i aria-hidden=\"true\" class=\"fa-accordion-icon fas fa-plus\"><\/i><\/span><span class=\"eael-advanced-accordion-icon-opened\"><i aria-hidden=\"true\" class=\"fa-accordion-icon fas fa-minus\"><\/i><\/span><h5 class=\"eael-accordion-tab-title\">Locucions <\/h5><i aria-hidden=\"true\" class=\"fa-toggle fas fa-angle-right\"><\/i><\/div><div id=\"elementor-tab-content-2396\" class=\"eael-accordion-content clearfix\" data-tab=\"6\" role=\"tabpanel\" aria-labelledby=\"locucions-\"><p>Lorem fistrum me cago en tus muelas se calle ust\u00e9e de la pradera me cago en tus muelas apetecan al ataquerl al ataquerl. Est\u00e1 la cosa muy malar a wan fistro apetecan sexuarl. No puedor apetecan por la gloria de mi madre te voy a borrar el cerito no te digo trigo por no llamarte Rodrigor va ust\u00e9 muy cargadoo a wan ahorarr.<\/p><\/div>\n                <\/div><div class=\"eael-accordion-list\">\n                <div id=\"composici\" class=\"elementor-tab-title eael-accordion-header\" tabindex=\"2397\" data-tab=\"7\" role=\"tab\" aria-controls=\"elementor-tab-content-2397\"><span class=\"eael-advanced-accordion-icon-closed\"><i aria-hidden=\"true\" class=\"fa-accordion-icon fas fa-plus\"><\/i><\/span><span class=\"eael-advanced-accordion-icon-opened\"><i aria-hidden=\"true\" class=\"fa-accordion-icon fas fa-minus\"><\/i><\/span><h5 class=\"eael-accordion-tab-title\">Composici\u00f3<\/h5><i aria-hidden=\"true\" class=\"fa-toggle fas fa-angle-right\"><\/i><\/div><div id=\"elementor-tab-content-2397\" class=\"eael-accordion-content clearfix\" data-tab=\"7\" role=\"tabpanel\" aria-labelledby=\"composici\"><p>Lorem fistrum me cago en tus muelas se calle ust\u00e9e de la pradera me cago en tus muelas apetecan al ataquerl al ataquerl. Est\u00e1 la cosa muy malar a wan fistro apetecan sexuarl. No puedor apetecan por la gloria de mi madre te voy a borrar el cerito no te digo trigo por no llamarte Rodrigor va ust\u00e9 muy cargadoo a wan ahorarr.<\/p><\/div>\n                <\/div><div class=\"eael-accordion-list\">\n                <div id=\"mentoring-\" class=\"elementor-tab-title eael-accordion-header\" tabindex=\"2398\" data-tab=\"8\" role=\"tab\" aria-controls=\"elementor-tab-content-2398\"><span class=\"eael-advanced-accordion-icon-closed\"><i aria-hidden=\"true\" class=\"fa-accordion-icon fas fa-plus\"><\/i><\/span><span class=\"eael-advanced-accordion-icon-opened\"><i aria-hidden=\"true\" class=\"fa-accordion-icon fas fa-minus\"><\/i><\/span><h5 class=\"eael-accordion-tab-title\">Mentoring <\/h5><i aria-hidden=\"true\" class=\"fa-toggle fas fa-angle-right\"><\/i><\/div><div id=\"elementor-tab-content-2398\" class=\"eael-accordion-content clearfix\" data-tab=\"8\" role=\"tabpanel\" aria-labelledby=\"mentoring-\"><p>Lorem fistrum me cago en tus muelas se calle ust\u00e9e de la pradera me cago en tus muelas apetecan al ataquerl al ataquerl. Est\u00e1 la cosa muy malar a wan fistro apetecan sexuarl. No puedor apetecan por la gloria de mi madre te voy a borrar el cerito no te digo trigo por no llamarte Rodrigor va ust\u00e9 muy cargadoo a wan ahorarr.<\/p><\/div>\n                <\/div><\/div>\t\t<\/div>\n\t\t\t\t<\/div>\n\t\t\t\t\t<\/div>\n\t\t<\/div>\n\t\t\t\t\t\t\t<\/div>\n\t\t<\/section>\n\t\t\t\t\t\t\t<\/div>\n\t\t","protected":false},"excerpt":{"rendered":"<p>Producci\u00f3 Lorem fistrum me cago en tus muelas se calle ust\u00e9e de la pradera me cago en tus muelas apetecan al ataquerl al ataquerl. Est\u00e1 la cosa muy malar a wan fistro apetecan sexuarl. No puedor apetecan por la gloria [&hellip;]<\/p>\n","protected":false},"author":1,"featured_media":0,"parent":0,"menu_order":0,"comment_status":"closed","ping_status":"closed","template":"","meta":{"_joinchat":[]},"_links":{"self":[{"href":"https:\/\/esjaleostudio.com\/index.php?rest_route=\/wp\/v2\/pages\/3401"}],"collection":[{"href":"https:\/\/esjaleostudio.com\/index.php?rest_route=\/wp\/v2\/pages"}],"about":[{"href":"https:\/\/esjaleostudio.com\/index.php?rest_route=\/wp\/v2\/types\/page"}],"author":[{"embeddable":true,"href":"https:\/\/esjaleostudio.com\/index.php?rest_route=\/wp\/v2\/users\/1"}],"replies":[{"embeddable":true,"href":"https:\/\/esjaleostudio.com\/index.php?rest_route=%2Fwp%2Fv2%2Fcomments&post=3401"}],"version-history":[{"count":91,"href":"https:\/\/esjaleostudio.com\/index.php?rest_route=\/wp\/v2\/pages\/3401\/revisions"}],"predecessor-version":[{"id":3897,"href":"https:\/\/esjaleostudio.com\/index.php?rest_route=\/wp\/v2\/pages\/3401\/revisions\/3897"}],"wp:attachment":[{"href":"https:\/\/esjaleostudio.com\/index.php?rest_route=%2Fwp%2Fv2%2Fmedia&parent=3401"}],"curies":[{"name":"wp","href":"https:\/\/api.w.org\/{rel}","templated":true}]}}